{"id":1242,"date":"2018-11-15T21:50:55","date_gmt":"2018-11-15T21:50:55","guid":{"rendered":"http:\/\/www.radinie.cz\/wp\/?page_id=1242"},"modified":"2019-02-10T15:37:38","modified_gmt":"2019-02-10T15:37:38","slug":"2018-y-vrh","status":"publish","type":"page","link":"https:\/\/www.radinie.cz\/wp\/odchovy\/2018-y-vrh\/","title":{"rendered":"&#8222;Y&#8220; (2018)"},"content":{"rendered":"<p>&nbsp;<\/p>\r\n\r\n<p style=\"text-align: center;\"><strong>Ob\u011b 2 \u0161t\u011b\u0148ata &#8211; fenky ze zaj\u00edmav\u00e9ho spojen\u00ed mezin\u00e1rodn\u00edch exterierov\u00fdch a pracovn\u00edch lini\u00ed jsou u\u017e ve sv\u00fdch nov\u00fdch domovech!<\/strong> \ud83d\ude42 Narodila se v sobotu 8.12.2018 a jmenuj\u00ed se &#8222;<strong>YGRITTE<\/strong>&#8220; \/ajgrit\/&nbsp; a&nbsp; &#8222;<strong>YUNKAI<\/strong>&#8220; \/junkaij\/ .<\/p>\r\n<p><iframe loading=\"lazy\" src=\"https:\/\/www.youtube.com\/embed\/riyo8NHDm5k?rel=0\" width=\"560\" height=\"315\" frameborder=\"0\" allowfullscreen=\"allowfullscreen\"><\/iframe><\/p>\r\n<p style=\"text-align: left;\"><iframe loading=\"lazy\" src=\"https:\/\/www.youtube.com\/embed\/7EUpsZhMLMY?rel=0\" width=\"560\" height=\"315\" frameborder=\"0\" allowfullscreen=\"allowfullscreen\"><\/iframe>&nbsp;<\/p>\r\n<p><iframe loading=\"lazy\" src=\"https:\/\/player.vimeo.com\/video\/313636537\" width=\"560\" height=\"320\" frameborder=\"0\" allowfullscreen=\"allowfullscreen\"><span data-mce-type=\"bookmark\" style=\"display: inline-block; width: 0px; overflow: hidden; line-height: 0;\" class=\"mce_SELRES_start\">\ufeff<\/span><\/iframe><\/p>\r\n<p>7 t\u00fddn\u016f na sv\u011bt\u011b \ud83d\ude42<\/p>\r\n[ngg src=&#8220;galleries&#8220; ids=&#8220;8&#8243; display=&#8220;masonry&#8220; ngg_triggers_display=&#8220;always&#8220;]\r\n<hr>\r\n<p style=\"text-align: center;\">Rodi\u010de :&nbsp; <a href=\"https:\/\/www.radinie.cz\/wp\/wp-content\/uploads\/2018\/11\/Y-Radinie.jpg\"><img loading=\"lazy\" decoding=\"async\" class=\"aligncenter wp-image-1282 size-large\" src=\"https:\/\/www.radinie.cz\/wp\/wp-content\/uploads\/2018\/11\/Y-Radinie-1024x576.jpg\" alt=\"\" width=\"920\" height=\"518\" srcset=\"https:\/\/www.radinie.cz\/wp\/wp-content\/uploads\/2018\/11\/Y-Radinie-1024x576.jpg 1024w, https:\/\/www.radinie.cz\/wp\/wp-content\/uploads\/2018\/11\/Y-Radinie-300x169.jpg 300w, https:\/\/www.radinie.cz\/wp\/wp-content\/uploads\/2018\/11\/Y-Radinie-768x432.jpg 768w, https:\/\/www.radinie.cz\/wp\/wp-content\/uploads\/2018\/11\/Y-Radinie-150x84.jpg 150w, https:\/\/www.radinie.cz\/wp\/wp-content\/uploads\/2018\/11\/Y-Radinie-250x141.jpg 250w, https:\/\/www.radinie.cz\/wp\/wp-content\/uploads\/2018\/11\/Y-Radinie.jpg 1280w\" sizes=\"auto, (max-width: 920px) 100vw, 920px\" \/><\/a><a href=\"https:\/\/cs.working-dog.com\/breed\/Radinie-156165\">https:\/\/cs.working-dog.com\/breed\/Radinie-156165<\/a>&nbsp;rodokmen &#8211; <a href=\"https:\/\/www.radinie.cz\/wp\/wp-content\/uploads\/2018\/11\/Wurfplanung-des-Zwingers-Radinie_-Zaver-vom-Hatzbachtal-und-Shirley-Radinie-\u2013-working-dog.pdf\"><span style=\"text-decoration: underline;\"><strong>pdf form\u00e1t<\/strong><\/span><\/a>&nbsp;<\/p>\r\n<p><em>Koeficient p\u0159\u00edbuzensk\u00e9 plemenitby pro toto spojen\u00ed je 0%&nbsp;<\/em><\/p>\r\n<p><\/p>\r\n<p><span style=\"color: #000000;\"><strong><span style=\"vertical-align: inherit;\"><span style=\"vertical-align: inherit;\">Z\u00c1V\u011aR<\/span><\/span><\/strong><\/span><span style=\"vertical-align: inherit;\"><span style=\"vertical-align: inherit;\"> &#8211;&nbsp;<\/span><\/span><a href=\"https:\/\/www.riesenschnauzer-jena.de\/zaver\"><span style=\"vertical-align: inherit;\"><span style=\"vertical-align: inherit;\"> www.riesenschnauzer-jena.de\/zaver<\/span><\/span><\/a> <a href=\"https:\/\/www.radinie.cz\/wp\/wp-content\/uploads\/2018\/11\/Zaver-aport-2.jpg\">&nbsp;<\/a><a href=\"https:\/\/www.radinie.cz\/wp\/planovany-vrh__trashed\/zaver-aport-2\/\">&nbsp;&nbsp;<\/a><br><a href=\"https:\/\/www.radinie.cz\/wp\/wp-content\/uploads\/2018\/11\/Zaver-aport-2.jpg\"><img loading=\"lazy\" decoding=\"async\" class=\"alignnone wp-image-1233\" src=\"https:\/\/www.radinie.cz\/wp\/wp-content\/uploads\/2018\/11\/Zaver-aport-2-228x300.jpg\" alt=\"\" width=\"152\" height=\"200\" srcset=\"https:\/\/www.radinie.cz\/wp\/wp-content\/uploads\/2018\/11\/Zaver-aport-2-228x300.jpg 228w, https:\/\/www.radinie.cz\/wp\/wp-content\/uploads\/2018\/11\/Zaver-aport-2-114x150.jpg 114w, https:\/\/www.radinie.cz\/wp\/wp-content\/uploads\/2018\/11\/Zaver-aport-2.jpg 446w\" sizes=\"auto, (max-width: 152px) 100vw, 152px\" \/><\/a><a href=\"https:\/\/www.radinie.cz\/wp\/wp-content\/uploads\/2018\/11\/Zaver-u-nohy.jpg\"><img loading=\"lazy\" decoding=\"async\" class=\"alignnone wp-image-1237\" src=\"https:\/\/www.radinie.cz\/wp\/wp-content\/uploads\/2018\/11\/Zaver-u-nohy-232x300.jpg\" alt=\"\" width=\"154\" height=\"200\" srcset=\"https:\/\/www.radinie.cz\/wp\/wp-content\/uploads\/2018\/11\/Zaver-u-nohy-232x300.jpg 232w, https:\/\/www.radinie.cz\/wp\/wp-content\/uploads\/2018\/11\/Zaver-u-nohy-116x150.jpg 116w, https:\/\/www.radinie.cz\/wp\/wp-content\/uploads\/2018\/11\/Zaver-u-nohy.jpg 454w\" sizes=\"auto, (max-width: 154px) 100vw, 154px\" \/><\/a><a href=\"https:\/\/www.radinie.cz\/wp\/wp-content\/uploads\/2018\/11\/Zaver-sedi-1.jpg\"><img loading=\"lazy\" decoding=\"async\" class=\"alignnone wp-image-1236\" src=\"https:\/\/www.radinie.cz\/wp\/wp-content\/uploads\/2018\/11\/Zaver-sedi-1-300x290.jpg\" alt=\"\" width=\"206\" height=\"199\" srcset=\"https:\/\/www.radinie.cz\/wp\/wp-content\/uploads\/2018\/11\/Zaver-sedi-1-300x290.jpg 300w, https:\/\/www.radinie.cz\/wp\/wp-content\/uploads\/2018\/11\/Zaver-sedi-1-150x145.jpg 150w, https:\/\/www.radinie.cz\/wp\/wp-content\/uploads\/2018\/11\/Zaver-sedi-1-155x150.jpg 155w, https:\/\/www.radinie.cz\/wp\/wp-content\/uploads\/2018\/11\/Zaver-sedi-1.jpg 609w\" sizes=\"auto, (max-width: 206px) 100vw, 206px\" \/><\/a><a href=\"https:\/\/www.radinie.cz\/wp\/wp-content\/uploads\/2018\/11\/Zaver-aport.jpg\"><img loading=\"lazy\" decoding=\"async\" class=\"alignnone wp-image-1234\" src=\"https:\/\/www.radinie.cz\/wp\/wp-content\/uploads\/2018\/11\/Zaver-aport-183x300.jpg\" alt=\"\" width=\"122\" height=\"200\" srcset=\"https:\/\/www.radinie.cz\/wp\/wp-content\/uploads\/2018\/11\/Zaver-aport-183x300.jpg 183w, https:\/\/www.radinie.cz\/wp\/wp-content\/uploads\/2018\/11\/Zaver-aport-92x150.jpg 92w, https:\/\/www.radinie.cz\/wp\/wp-content\/uploads\/2018\/11\/Zaver-aport.jpg 359w\" sizes=\"auto, (max-width: 122px) 100vw, 122px\" \/><\/a><\/p>\r\n<p><span style=\"color: #000000;\"><strong><span style=\"vertical-align: inherit;\"><span style=\"vertical-align: inherit;\"><span style=\"vertical-align: inherit;\"><span style=\"vertical-align: inherit;\">SHIRLEY <\/span><\/span><\/span><\/span><\/strong><\/span><br><a href=\"https:\/\/www.radinie.cz\/wp\/wp-content\/uploads\/2018\/11\/Shirley-1-2.jpg\"><img loading=\"lazy\" decoding=\"async\" class=\"alignnone wp-image-1252\" src=\"https:\/\/www.radinie.cz\/wp\/wp-content\/uploads\/2018\/11\/Shirley-1-2-300x245.jpg\" alt=\"\" width=\"245\" height=\"200\" srcset=\"https:\/\/www.radinie.cz\/wp\/wp-content\/uploads\/2018\/11\/Shirley-1-2-300x245.jpg 300w, https:\/\/www.radinie.cz\/wp\/wp-content\/uploads\/2018\/11\/Shirley-1-2-768x628.jpg 768w, https:\/\/www.radinie.cz\/wp\/wp-content\/uploads\/2018\/11\/Shirley-1-2-1024x837.jpg 1024w, https:\/\/www.radinie.cz\/wp\/wp-content\/uploads\/2018\/11\/Shirley-1-2-150x123.jpg 150w, https:\/\/www.radinie.cz\/wp\/wp-content\/uploads\/2018\/11\/Shirley-1-2-183x150.jpg 183w, https:\/\/www.radinie.cz\/wp\/wp-content\/uploads\/2018\/11\/Shirley-1-2.jpg 1893w\" sizes=\"auto, (max-width: 245px) 100vw, 245px\" \/><\/a><a href=\"https:\/\/www.radinie.cz\/wp\/wp-content\/uploads\/2018\/11\/shirley-sedi.jpg\"><img loading=\"lazy\" decoding=\"async\" class=\"alignnone wp-image-1227\" src=\"https:\/\/www.radinie.cz\/wp\/wp-content\/uploads\/2018\/11\/shirley-sedi-300x280.jpg\" alt=\"\" width=\"214\" height=\"200\" srcset=\"https:\/\/www.radinie.cz\/wp\/wp-content\/uploads\/2018\/11\/shirley-sedi-300x280.jpg 300w, https:\/\/www.radinie.cz\/wp\/wp-content\/uploads\/2018\/11\/shirley-sedi-768x718.jpg 768w, https:\/\/www.radinie.cz\/wp\/wp-content\/uploads\/2018\/11\/shirley-sedi-1024x957.jpg 1024w, https:\/\/www.radinie.cz\/wp\/wp-content\/uploads\/2018\/11\/shirley-sedi-150x140.jpg 150w, https:\/\/www.radinie.cz\/wp\/wp-content\/uploads\/2018\/11\/shirley-sedi-160x150.jpg 160w\" sizes=\"auto, (max-width: 214px) 100vw, 214px\" \/><\/a><a href=\"https:\/\/www.radinie.cz\/wp\/wp-content\/uploads\/2018\/11\/shirley-hlava.jpg\"><img loading=\"lazy\" decoding=\"async\" class=\"alignnone wp-image-1225\" src=\"https:\/\/www.radinie.cz\/wp\/wp-content\/uploads\/2018\/11\/shirley-hlava-300x298.jpg\" alt=\"\" width=\"202\" height=\"200\" srcset=\"https:\/\/www.radinie.cz\/wp\/wp-content\/uploads\/2018\/11\/shirley-hlava-300x298.jpg 300w, https:\/\/www.radinie.cz\/wp\/wp-content\/uploads\/2018\/11\/shirley-hlava-150x150.jpg 150w, https:\/\/www.radinie.cz\/wp\/wp-content\/uploads\/2018\/11\/shirley-hlava-768x762.jpg 768w, https:\/\/www.radinie.cz\/wp\/wp-content\/uploads\/2018\/11\/shirley-hlava-151x150.jpg 151w, https:\/\/www.radinie.cz\/wp\/wp-content\/uploads\/2018\/11\/shirley-hlava.jpg 984w\" sizes=\"auto, (max-width: 202px) 100vw, 202px\" \/><\/a><a href=\"https:\/\/www.radinie.cz\/wp\/wp-content\/uploads\/2018\/11\/shirley-lezi.jpg\"><img loading=\"lazy\" decoding=\"async\" class=\"alignnone wp-image-1226\" src=\"https:\/\/www.radinie.cz\/wp\/wp-content\/uploads\/2018\/11\/shirley-lezi-300x233.jpg\" alt=\"\" width=\"257\" height=\"200\" srcset=\"https:\/\/www.radinie.cz\/wp\/wp-content\/uploads\/2018\/11\/shirley-lezi-300x233.jpg 300w, https:\/\/www.radinie.cz\/wp\/wp-content\/uploads\/2018\/11\/shirley-lezi-768x597.jpg 768w, https:\/\/www.radinie.cz\/wp\/wp-content\/uploads\/2018\/11\/shirley-lezi-1024x796.jpg 1024w, https:\/\/www.radinie.cz\/wp\/wp-content\/uploads\/2018\/11\/shirley-lezi-150x117.jpg 150w, https:\/\/www.radinie.cz\/wp\/wp-content\/uploads\/2018\/11\/shirley-lezi-193x150.jpg 193w\" sizes=\"auto, (max-width: 257px) 100vw, 257px\" \/><\/a><a href=\"https:\/\/www.radinie.cz\/wp\/wp-content\/uploads\/2018\/11\/Shirley-2-1.jpg\"><img loading=\"lazy\" decoding=\"async\" class=\"alignnone wp-image-1251\" src=\"https:\/\/www.radinie.cz\/wp\/wp-content\/uploads\/2018\/11\/Shirley-2-1-300x252.jpg\" alt=\"\" width=\"238\" height=\"200\" srcset=\"https:\/\/www.radinie.cz\/wp\/wp-content\/uploads\/2018\/11\/Shirley-2-1-300x252.jpg 300w, https:\/\/www.radinie.cz\/wp\/wp-content\/uploads\/2018\/11\/Shirley-2-1-768x645.jpg 768w, https:\/\/www.radinie.cz\/wp\/wp-content\/uploads\/2018\/11\/Shirley-2-1-1024x859.jpg 1024w, https:\/\/www.radinie.cz\/wp\/wp-content\/uploads\/2018\/11\/Shirley-2-1-150x126.jpg 150w, https:\/\/www.radinie.cz\/wp\/wp-content\/uploads\/2018\/11\/Shirley-2-1-179x150.jpg 179w\" sizes=\"auto, (max-width: 238px) 100vw, 238px\" \/><\/a><a href=\"https:\/\/www.radinie.cz\/wp\/wp-content\/uploads\/2018\/11\/shirley-5.jpg\"><img loading=\"lazy\" decoding=\"async\" class=\"alignnone wp-image-1222\" src=\"https:\/\/www.radinie.cz\/wp\/wp-content\/uploads\/2018\/11\/shirley-5-300x295.jpg\" alt=\"\" width=\"204\" height=\"200\" srcset=\"https:\/\/www.radinie.cz\/wp\/wp-content\/uploads\/2018\/11\/shirley-5-300x295.jpg 300w, https:\/\/www.radinie.cz\/wp\/wp-content\/uploads\/2018\/11\/shirley-5-768x754.jpg 768w, https:\/\/www.radinie.cz\/wp\/wp-content\/uploads\/2018\/11\/shirley-5-1024x1005.jpg 1024w, https:\/\/www.radinie.cz\/wp\/wp-content\/uploads\/2018\/11\/shirley-5-150x147.jpg 150w, https:\/\/www.radinie.cz\/wp\/wp-content\/uploads\/2018\/11\/shirley-5-153x150.jpg 153w\" sizes=\"auto, (max-width: 204px) 100vw, 204px\" \/><\/a><a href=\"https:\/\/www.radinie.cz\/wp\/wp-content\/uploads\/2018\/11\/shirley-4.jpg\"><img loading=\"lazy\" decoding=\"async\" class=\"alignnone wp-image-1221\" src=\"https:\/\/www.radinie.cz\/wp\/wp-content\/uploads\/2018\/11\/shirley-4-300x239.jpg\" alt=\"\" width=\"251\" height=\"200\" srcset=\"https:\/\/www.radinie.cz\/wp\/wp-content\/uploads\/2018\/11\/shirley-4-300x239.jpg 300w, https:\/\/www.radinie.cz\/wp\/wp-content\/uploads\/2018\/11\/shirley-4-768x613.jpg 768w, https:\/\/www.radinie.cz\/wp\/wp-content\/uploads\/2018\/11\/shirley-4-1024x817.jpg 1024w, https:\/\/www.radinie.cz\/wp\/wp-content\/uploads\/2018\/11\/shirley-4-150x120.jpg 150w, https:\/\/www.radinie.cz\/wp\/wp-content\/uploads\/2018\/11\/shirley-4-188x150.jpg 188w\" sizes=\"auto, (max-width: 251px) 100vw, 251px\" \/><\/a><a href=\"https:\/\/www.radinie.cz\/wp\/wp-content\/uploads\/2018\/11\/shirley-3.jpg\"><img loading=\"lazy\" decoding=\"async\" class=\"alignnone wp-image-1220\" src=\"https:\/\/www.radinie.cz\/wp\/wp-content\/uploads\/2018\/11\/shirley-3-300x233.jpg\" alt=\"\" width=\"258\" height=\"200\" srcset=\"https:\/\/www.radinie.cz\/wp\/wp-content\/uploads\/2018\/11\/shirley-3-300x233.jpg 300w, https:\/\/www.radinie.cz\/wp\/wp-content\/uploads\/2018\/11\/shirley-3-768x595.jpg 768w, https:\/\/www.radinie.cz\/wp\/wp-content\/uploads\/2018\/11\/shirley-3-1024x794.jpg 1024w, https:\/\/www.radinie.cz\/wp\/wp-content\/uploads\/2018\/11\/shirley-3-150x116.jpg 150w, https:\/\/www.radinie.cz\/wp\/wp-content\/uploads\/2018\/11\/shirley-3-194x150.jpg 194w, https:\/\/www.radinie.cz\/wp\/wp-content\/uploads\/2018\/11\/shirley-3.jpg 1823w\" sizes=\"auto, (max-width: 258px) 100vw, 258px\" \/><\/a><a href=\"https:\/\/www.radinie.cz\/wp\/wp-content\/uploads\/2018\/11\/shirley-6-2.jpg\"><img loading=\"lazy\" decoding=\"async\" class=\"alignnone wp-image-1224\" src=\"https:\/\/www.radinie.cz\/wp\/wp-content\/uploads\/2018\/11\/shirley-6-2-298x300.jpg\" alt=\"\" width=\"199\" height=\"200\" srcset=\"https:\/\/www.radinie.cz\/wp\/wp-content\/uploads\/2018\/11\/shirley-6-2-298x300.jpg 298w, https:\/\/www.radinie.cz\/wp\/wp-content\/uploads\/2018\/11\/shirley-6-2-150x150.jpg 150w, https:\/\/www.radinie.cz\/wp\/wp-content\/uploads\/2018\/11\/shirley-6-2-768x772.jpg 768w, https:\/\/www.radinie.cz\/wp\/wp-content\/uploads\/2018\/11\/shirley-6-2-1019x1024.jpg 1019w, https:\/\/www.radinie.cz\/wp\/wp-content\/uploads\/2018\/11\/shirley-6-2-149x150.jpg 149w, https:\/\/www.radinie.cz\/wp\/wp-content\/uploads\/2018\/11\/shirley-6-2.jpg 1873w\" sizes=\"auto, (max-width: 199px) 100vw, 199px\" \/><\/a><span style=\"vertical-align: inherit;\"><span style=\"vertical-align: inherit;\"><span style=\"vertical-align: inherit;\"><span style=\"vertical-align: inherit;\">&nbsp; &nbsp; &nbsp; &nbsp; &nbsp; &nbsp; &nbsp; &nbsp; &nbsp; &nbsp; &nbsp; &nbsp; &nbsp; &nbsp; &nbsp; &nbsp; &nbsp;<\/span><\/span><\/span><\/span><\/p>\r\n<p><span style=\"vertical-align: inherit;\"><span style=\"vertical-align: inherit;\"><span style=\"vertical-align: inherit;\"><span style=\"vertical-align: inherit;\">\r\n\r\n\r\n\r\n\r\n\r\n<\/span><\/span><\/span><\/span><\/p>\r\n<p><\/p>\r\n<p>&nbsp;<\/p>\r\n<p><\/p>\r\n<p>&nbsp;<\/p>\r\n<p><\/p>\r\n<p>&nbsp;<\/p>\r\n<p><\/p>\r\n<p>&nbsp;<\/p>\r\n<p><\/p>\r\n<p>&nbsp;<\/p>\r\n<p><\/p>\r\n<p>&nbsp;<\/p>\r\n<p><\/p>\r\n<p>&nbsp;<\/p>\r\n<p><\/p>","protected":false},"excerpt":{"rendered":"<p>&nbsp;<\/p>\n<p> <a class=\"continue-reading-link\" href=\"https:\/\/www.radinie.cz\/wp\/odchovy\/2018-y-vrh\/\"><span>Continue reading<\/span><i class=\"crycon-right-dir\"><\/i><\/a> <\/p>\n","protected":false},"author":2,"featured_media":0,"parent":70,"menu_order":0,"comment_status":"closed","ping_status":"closed","template":"templates\/template-twocolumns-right.php","meta":{"footnotes":""},"class_list":["post-1242","page","type-page","status-publish","hentry"],"_links":{"self":[{"href":"https:\/\/www.radinie.cz\/wp\/wp-json\/wp\/v2\/pages\/1242","targetHints":{"allow":["GET"]}}],"collection":[{"href":"https:\/\/www.radinie.cz\/wp\/wp-json\/wp\/v2\/pages"}],"about":[{"href":"https:\/\/www.radinie.cz\/wp\/wp-json\/wp\/v2\/types\/page"}],"author":[{"embeddable":true,"href":"https:\/\/www.radinie.cz\/wp\/wp-json\/wp\/v2\/users\/2"}],"replies":[{"embeddable":true,"href":"https:\/\/www.radinie.cz\/wp\/wp-json\/wp\/v2\/comments?post=1242"}],"version-history":[{"count":174,"href":"https:\/\/www.radinie.cz\/wp\/wp-json\/wp\/v2\/pages\/1242\/revisions"}],"predecessor-version":[{"id":1823,"href":"https:\/\/www.radinie.cz\/wp\/wp-json\/wp\/v2\/pages\/1242\/revisions\/1823"}],"up":[{"embeddable":true,"href":"https:\/\/www.radinie.cz\/wp\/wp-json\/wp\/v2\/pages\/70"}],"wp:attachment":[{"href":"https:\/\/www.radinie.cz\/wp\/wp-json\/wp\/v2\/media?parent=1242"}],"curies":[{"name":"wp","href":"https:\/\/api.w.org\/{rel}","templated":true}]}}