{"id":4054,"date":"2024-07-19T11:56:06","date_gmt":"2024-07-19T11:56:06","guid":{"rendered":"http:\/\/www.radinie.cz\/wp\/?page_id=4054"},"modified":"2024-11-22T17:53:18","modified_gmt":"2024-11-22T17:53:18","slug":"s-litter","status":"publish","type":"page","link":"https:\/\/www.radinie.cz\/wp\/s-litter\/","title":{"rendered":"&#8220;S&#8220; vrh Radinie"},"content":{"rendered":"<p><\/p>\n<h4><span style=\"color: #800000;\"><strong><span style=\"font-size: 18pt;\">&#8222;S&#8220; vrh Radinie<\/span> <span style=\"font-size: 14pt;\">se narodil 11.9.2024, je 6 pejsk\u016f a 2 fenky \ud83d\ude42<\/span><\/strong><\/span><\/h4>\n<p><a href=\"https:\/\/www.radinie.cz\/wp\/wp-content\/uploads\/2024\/09\/S-Radinie.jpg\"><img loading=\"lazy\" decoding=\"async\" class=\"alignnone wp-image-4423 size-full\" src=\"https:\/\/www.radinie.cz\/wp\/wp-content\/uploads\/2024\/09\/S-Radinie.jpg\" alt=\"\" width=\"1000\" height=\"658\" srcset=\"https:\/\/www.radinie.cz\/wp\/wp-content\/uploads\/2024\/09\/S-Radinie.jpg 1000w, https:\/\/www.radinie.cz\/wp\/wp-content\/uploads\/2024\/09\/S-Radinie-300x197.jpg 300w, https:\/\/www.radinie.cz\/wp\/wp-content\/uploads\/2024\/09\/S-Radinie-150x99.jpg 150w, https:\/\/www.radinie.cz\/wp\/wp-content\/uploads\/2024\/09\/S-Radinie-768x505.jpg 768w\" sizes=\"auto, (max-width: 1000px) 100vw, 1000px\" \/><\/a><\/p>\n<p><script src=\"https:\/\/eu.zonerama.com\/embd\/Js\/6720d4a7aa7819164490fb2e\" type=\"text\/javascript\"><\/script><\/p>\n<div id=\"znrm-6720d4a7aa7819164490fb2e\">\n<div style=\"height: 150px; padding-top: 150px; border: 1px solid grey; background-color: lightgray; text-align: center; vertical-align: middle;\">HTML galerie Zonerama<br \/>\nHTML galerie 1<span style=\"font-family: Arial, Helvetica, sans-serif; background-color: #ffffff;\">&nbsp;<\/span><\/div>\n<\/div>\n<hr>\n<p><span style=\"font-family: 'comic sans ms', sans-serif;\"><strong>6.t\u00fdden <\/strong>(25.10.2024)&nbsp;<\/span><br \/>\n<span style=\"font-family: 'comic sans ms', sans-serif;\">&nbsp;<\/span>&nbsp;<iframe loading=\"lazy\" title=\"YouTube video player\" src=\"https:\/\/www.youtube.com\/embed\/X-0n3eKUDn0?si=XlbnVUT1BO7ozsL2\" width=\"560\" height=\"315\" frameborder=\"0\" allowfullscreen=\"allowfullscreen\" data-mce-fragment=\"1\"><\/iframe><\/p>\n<hr>\n<p><span style=\"font-family: 'comic sans ms', sans-serif;\">5.t\u00fdden (17.10.2024) \u0161t\u011b\u0148ata dostala prvn\u00ed ku\u0159ec\u00ed skelet a houpa\u010dku \ud83d\ude42&nbsp;<\/span><br \/>\n<iframe loading=\"lazy\" title=\"YouTube video player\" src=\"https:\/\/www.youtube.com\/embed\/DtQbkdiZVPU?si=lp-WauhyYPTS7EO0\" width=\"560\" height=\"315\" frameborder=\"0\" allowfullscreen=\"allowfullscreen\"><\/iframe>&nbsp;<\/p>\n<p><strong>Foto:<\/strong> <strong><a href=\"https:\/\/eu.zonerama.com\/Link\/Album\/12301509\">https:\/\/eu.zonerama.com\/Link\/Album\/12301509<\/a><\/strong><\/p>\n<hr>\n<p><span style=\"font-family: 'comic sans ms', sans-serif;\"><strong>4.t\u00fdden <\/strong>(10.10.2024) &#8211; \u0161t\u011b\u0148ata u\u017e b\u011bhaj\u00ed po v\u00fdb\u011bhu a orientuj\u00ed se v prostoru \ud83d\ude42&nbsp;<\/span><br \/>\n<strong><a href=\"https:\/\/eu.zonerama.com\/radinie\/Album\/12228124\">https:\/\/eu.zonerama.com\/radinie\/Album\/12228124<\/a><\/strong><br \/>\n<img loading=\"lazy\" decoding=\"async\" class=\"size-medium wp-image-4476 alignnone\" src=\"https:\/\/www.radinie.cz\/wp\/wp-content\/uploads\/2024\/10\/P1160573-1-300x233.jpg\" alt=\"\" width=\"300\" height=\"233\" srcset=\"https:\/\/www.radinie.cz\/wp\/wp-content\/uploads\/2024\/10\/P1160573-1-300x233.jpg 300w, https:\/\/www.radinie.cz\/wp\/wp-content\/uploads\/2024\/10\/P1160573-1-150x117.jpg 150w, https:\/\/www.radinie.cz\/wp\/wp-content\/uploads\/2024\/10\/P1160573-1-768x598.jpg 768w, https:\/\/www.radinie.cz\/wp\/wp-content\/uploads\/2024\/10\/P1160573-1.jpg 1000w\" sizes=\"auto, (max-width: 300px) 100vw, 300px\" \/><\/p>\n<hr>\n<p><span style=\"font-family: 'comic sans ms', sans-serif;\"><strong>3.t\u00fdden <\/strong>(3.10.2024) &#8211; \u0161t\u011b\u0148ata u\u017e \u017eerou a hraj\u00ed si \ud83d\ude42<\/span><br \/>\n<strong><a href=\"https:\/\/eu.zonerama.com\/radinie\/Album\/12141035\">https:\/\/eu.zonerama.com\/radinie\/Album\/12141035<\/a><\/strong><br \/>\n<img loading=\"lazy\" decoding=\"async\" class=\"size-medium wp-image-4468 alignleft\" src=\"https:\/\/www.radinie.cz\/wp\/wp-content\/uploads\/2024\/10\/P1160473-1-300x224.jpg\" alt=\"\" width=\"300\" height=\"224\" srcset=\"https:\/\/www.radinie.cz\/wp\/wp-content\/uploads\/2024\/10\/P1160473-1-300x224.jpg 300w, https:\/\/www.radinie.cz\/wp\/wp-content\/uploads\/2024\/10\/P1160473-1-150x112.jpg 150w, https:\/\/www.radinie.cz\/wp\/wp-content\/uploads\/2024\/10\/P1160473-1-768x574.jpg 768w, https:\/\/www.radinie.cz\/wp\/wp-content\/uploads\/2024\/10\/P1160473-1.jpg 1000w\" sizes=\"auto, (max-width: 300px) 100vw, 300px\" \/> <img loading=\"lazy\" decoding=\"async\" class=\"size-medium wp-image-4469 alignnone\" src=\"https:\/\/www.radinie.cz\/wp\/wp-content\/uploads\/2024\/10\/P1160474-1-300x222.jpg\" alt=\"\" width=\"300\" height=\"222\" srcset=\"https:\/\/www.radinie.cz\/wp\/wp-content\/uploads\/2024\/10\/P1160474-1-300x222.jpg 300w, https:\/\/www.radinie.cz\/wp\/wp-content\/uploads\/2024\/10\/P1160474-1-150x111.jpg 150w, https:\/\/www.radinie.cz\/wp\/wp-content\/uploads\/2024\/10\/P1160474-1-768x569.jpg 768w, https:\/\/www.radinie.cz\/wp\/wp-content\/uploads\/2024\/10\/P1160474-1.jpg 1000w\" sizes=\"auto, (max-width: 300px) 100vw, 300px\" \/><\/p>\n<hr>\n<p><strong><span style=\"font-family: 'comic sans ms', sans-serif;\">2.t\u00fdden <\/span><\/strong><span style=\"font-family: 'comic sans ms', sans-serif;\">(26.9.2024)<\/span><br \/>\n<strong><span style=\"font-family: 'comic sans ms', sans-serif;\"><img loading=\"lazy\" decoding=\"async\" class=\"size-medium wp-image-4456 alignleft\" src=\"https:\/\/www.radinie.cz\/wp\/wp-content\/uploads\/2024\/09\/P1160430-1-300x223.jpg\" alt=\"\" width=\"300\" height=\"223\" srcset=\"https:\/\/www.radinie.cz\/wp\/wp-content\/uploads\/2024\/09\/P1160430-1-300x223.jpg 300w, https:\/\/www.radinie.cz\/wp\/wp-content\/uploads\/2024\/09\/P1160430-1-150x111.jpg 150w, https:\/\/www.radinie.cz\/wp\/wp-content\/uploads\/2024\/09\/P1160430-1-768x571.jpg 768w, https:\/\/www.radinie.cz\/wp\/wp-content\/uploads\/2024\/09\/P1160430-1.jpg 1000w\" sizes=\"auto, (max-width: 300px) 100vw, 300px\" \/><\/span><\/strong><br \/>\n<strong><span style=\"font-family: 'comic sans ms', sans-serif;\">V\u00edce fotek:<\/span><\/strong><br \/>\n<strong><a href=\"https:\/\/eu.zonerama.com\/Link\/Album\/12103032\">https:\/\/eu.zonerama.com\/Link\/Album\/12103032<\/a><\/strong><\/p>\n<hr>\n<p><strong><span style=\"font-family: 'comic sans ms', sans-serif;\">1.t\u00fdden <\/span><\/strong><span style=\"font-family: 'comic sans ms', sans-serif;\">(18.9.2024)<\/span><br \/>\n<a href=\"https:\/\/www.radinie.cz\/wp\/wp-content\/uploads\/2024\/09\/P1160351-1.jpg\"><img loading=\"lazy\" decoding=\"async\" class=\"wp-image-4442 size-medium alignleft\" src=\"https:\/\/www.radinie.cz\/wp\/wp-content\/uploads\/2024\/09\/P1160351-1-300x227.jpg\" alt=\"\" width=\"300\" height=\"227\" srcset=\"https:\/\/www.radinie.cz\/wp\/wp-content\/uploads\/2024\/09\/P1160351-1-300x227.jpg 300w, https:\/\/www.radinie.cz\/wp\/wp-content\/uploads\/2024\/09\/P1160351-1-150x114.jpg 150w, https:\/\/www.radinie.cz\/wp\/wp-content\/uploads\/2024\/09\/P1160351-1-768x582.jpg 768w, https:\/\/www.radinie.cz\/wp\/wp-content\/uploads\/2024\/09\/P1160351-1.jpg 1000w\" sizes=\"auto, (max-width: 300px) 100vw, 300px\" \/><\/a><br \/>\n<a href=\"https:\/\/eu.zonerama.com\/Link\/Album\/12064312\"><strong>https:\/\/eu.zonerama.com\/Link\/Album\/12064312<\/strong><\/a><\/p>\n<hr>\n<p><strong><span style=\"font-family: 'comic sans ms', sans-serif;\">1.den<\/span><\/strong><br \/>\n&nbsp; <a href=\"https:\/\/www.radinie.cz\/wp\/wp-content\/uploads\/2024\/09\/5db5f59d-54cc-4d22-bb11-71fb28a465b5-1.jpg\"><img loading=\"lazy\" decoding=\"async\" class=\"alignnone wp-image-4421 size-medium\" src=\"https:\/\/www.radinie.cz\/wp\/wp-content\/uploads\/2024\/09\/5db5f59d-54cc-4d22-bb11-71fb28a465b5-1-300x225.jpg\" alt=\"\" width=\"300\" height=\"225\" srcset=\"https:\/\/www.radinie.cz\/wp\/wp-content\/uploads\/2024\/09\/5db5f59d-54cc-4d22-bb11-71fb28a465b5-1-300x225.jpg 300w, https:\/\/www.radinie.cz\/wp\/wp-content\/uploads\/2024\/09\/5db5f59d-54cc-4d22-bb11-71fb28a465b5-1-150x113.jpg 150w, https:\/\/www.radinie.cz\/wp\/wp-content\/uploads\/2024\/09\/5db5f59d-54cc-4d22-bb11-71fb28a465b5-1-768x576.jpg 768w, https:\/\/www.radinie.cz\/wp\/wp-content\/uploads\/2024\/09\/5db5f59d-54cc-4d22-bb11-71fb28a465b5-1.jpg 1000w\" sizes=\"auto, (max-width: 300px) 100vw, 300px\" \/><\/a> <a href=\"https:\/\/www.radinie.cz\/wp\/wp-content\/uploads\/2024\/09\/7707d150-a517-489f-a38d-ffbf3d7bc421-1.jpg\"><img loading=\"lazy\" decoding=\"async\" class=\"alignnone wp-image-4422 size-medium\" src=\"https:\/\/www.radinie.cz\/wp\/wp-content\/uploads\/2024\/09\/7707d150-a517-489f-a38d-ffbf3d7bc421-1-300x225.jpg\" alt=\"\" width=\"300\" height=\"225\" srcset=\"https:\/\/www.radinie.cz\/wp\/wp-content\/uploads\/2024\/09\/7707d150-a517-489f-a38d-ffbf3d7bc421-1-300x225.jpg 300w, https:\/\/www.radinie.cz\/wp\/wp-content\/uploads\/2024\/09\/7707d150-a517-489f-a38d-ffbf3d7bc421-1-150x113.jpg 150w, https:\/\/www.radinie.cz\/wp\/wp-content\/uploads\/2024\/09\/7707d150-a517-489f-a38d-ffbf3d7bc421-1-768x576.jpg 768w, https:\/\/www.radinie.cz\/wp\/wp-content\/uploads\/2024\/09\/7707d150-a517-489f-a38d-ffbf3d7bc421-1.jpg 1000w\" sizes=\"auto, (max-width: 300px) 100vw, 300px\" \/><\/a><\/p>\n<hr>\n<p><a href=\"https:\/\/www.radinie.cz\/wp\/wp-content\/uploads\/2024\/07\/Gambas-Cora-pdf.jpg1_.jpg\"><img loading=\"lazy\" decoding=\"async\" class=\"alignnone wp-image-4264 \" src=\"https:\/\/www.radinie.cz\/wp\/wp-content\/uploads\/2024\/07\/Gambas-Cora-pdf.jpg1_-300x256.jpg\" alt=\"\" width=\"314\" height=\"268\" srcset=\"https:\/\/www.radinie.cz\/wp\/wp-content\/uploads\/2024\/07\/Gambas-Cora-pdf.jpg1_-300x256.jpg 300w, https:\/\/www.radinie.cz\/wp\/wp-content\/uploads\/2024\/07\/Gambas-Cora-pdf.jpg1_-1024x875.jpg 1024w, https:\/\/www.radinie.cz\/wp\/wp-content\/uploads\/2024\/07\/Gambas-Cora-pdf.jpg1_-150x128.jpg 150w, https:\/\/www.radinie.cz\/wp\/wp-content\/uploads\/2024\/07\/Gambas-Cora-pdf.jpg1_-768x656.jpg 768w, https:\/\/www.radinie.cz\/wp\/wp-content\/uploads\/2024\/07\/Gambas-Cora-pdf.jpg1_-293x250.jpg 293w, https:\/\/www.radinie.cz\/wp\/wp-content\/uploads\/2024\/07\/Gambas-Cora-pdf.jpg1_.jpg 1118w\" sizes=\"auto, (max-width: 314px) 100vw, 314px\" \/><\/a> &nbsp;<a href=\"https:\/\/www.radinie.cz\/wp\/wp-content\/uploads\/2024\/07\/Gambas-Cora-pedigree-pdf.jpg\"><img loading=\"lazy\" decoding=\"async\" class=\"alignnone wp-image-4265\" src=\"https:\/\/www.radinie.cz\/wp\/wp-content\/uploads\/2024\/07\/Gambas-Cora-pedigree-pdf-300x236.jpg\" alt=\"\" width=\"342\" height=\"269\" srcset=\"https:\/\/www.radinie.cz\/wp\/wp-content\/uploads\/2024\/07\/Gambas-Cora-pedigree-pdf-300x236.jpg 300w, https:\/\/www.radinie.cz\/wp\/wp-content\/uploads\/2024\/07\/Gambas-Cora-pedigree-pdf-1024x805.jpg 1024w, https:\/\/www.radinie.cz\/wp\/wp-content\/uploads\/2024\/07\/Gambas-Cora-pedigree-pdf-150x118.jpg 150w, https:\/\/www.radinie.cz\/wp\/wp-content\/uploads\/2024\/07\/Gambas-Cora-pedigree-pdf-768x604.jpg 768w, https:\/\/www.radinie.cz\/wp\/wp-content\/uploads\/2024\/07\/Gambas-Cora-pedigree-pdf.jpg 1134w\" sizes=\"auto, (max-width: 342px) 100vw, 342px\" \/><\/a><\/p>\n<p><strong><a href=\"https:\/\/www.working-dog.com\/breed\/Radinie-295476\">https:\/\/www.working-dog.com\/breed\/Radinie-295476<\/a><\/strong><\/p>\n<p style=\"text-align: justify;\"><strong><span style=\"font-size: 12pt;\">Oba rodi\u010de &#8222;S&#8220; vrhu jsou standardn\u00edho typu v exteri\u00e9ru, maj\u00ed v\u00fdstavn\u00ed tituly a zkou\u0161ky z v\u00fdkonu. Jejich p\u0159edci jsou \u00fasp\u011b\u0161n\u00ed \u00fa\u010dastn\u00edci na mnoha z\u00e1vodech &#8211; Mistrovstv\u00ed N\u011bmecka, \u010cR a Mistrovstv\u00ed sv\u011bta ISPU. Oba maj\u00ed v\u00fdborn\u00e9 soci\u00e1ln\u00ed chov\u00e1n\u00ed a ve\u0161ker\u00e9 dostupn\u00e9 zdravotn\u00ed i genetick\u00e9 testy v po\u0159\u00e1dku.<\/span><\/strong>&nbsp;<\/p>\n<p style=\"text-align: justify;\"><span style=\"font-family: 'comic sans ms', sans-serif; font-size: 12pt;\">Pro Cory 2. vrh jsme vybrali hezk\u00e9ho velmi mlad\u00e9ho psa <strong>Gambas vom Beisetal<\/strong>. Gambas je teprve 2 let\u00fd pes, m\u00e1 vyrovnanou a velmi sebev\u011bdomou <a href=\"https:\/\/www.radinie.cz\/wp\/wp-content\/uploads\/2024\/07\/7a7ca81a-0695-43d7-9671-fd3274b31a50.jpg\"><img loading=\"lazy\" decoding=\"async\" class=\"alignleft wp-image-4270\" src=\"https:\/\/www.radinie.cz\/wp\/wp-content\/uploads\/2024\/07\/7a7ca81a-0695-43d7-9671-fd3274b31a50-300x260.jpg\" alt=\"\" width=\"228\" height=\"197\" srcset=\"https:\/\/www.radinie.cz\/wp\/wp-content\/uploads\/2024\/07\/7a7ca81a-0695-43d7-9671-fd3274b31a50-300x260.jpg 300w, https:\/\/www.radinie.cz\/wp\/wp-content\/uploads\/2024\/07\/7a7ca81a-0695-43d7-9671-fd3274b31a50-1024x887.jpg 1024w, https:\/\/www.radinie.cz\/wp\/wp-content\/uploads\/2024\/07\/7a7ca81a-0695-43d7-9671-fd3274b31a50-150x130.jpg 150w, https:\/\/www.radinie.cz\/wp\/wp-content\/uploads\/2024\/07\/7a7ca81a-0695-43d7-9671-fd3274b31a50-768x665.jpg 768w, https:\/\/www.radinie.cz\/wp\/wp-content\/uploads\/2024\/07\/7a7ca81a-0695-43d7-9671-fd3274b31a50-1536x1330.jpg 1536w, https:\/\/www.radinie.cz\/wp\/wp-content\/uploads\/2024\/07\/7a7ca81a-0695-43d7-9671-fd3274b31a50-289x250.jpg 289w, https:\/\/www.radinie.cz\/wp\/wp-content\/uploads\/2024\/07\/7a7ca81a-0695-43d7-9671-fd3274b31a50.jpg 1769w\" sizes=\"auto, (max-width: 228px) 100vw, 228px\" \/><\/a><a style=\"color: #cb5920;\" href=\"https:\/\/www.radinie.cz\/wp\/wp-content\/uploads\/2024\/07\/451847532_8021800797899691_1567715351529737658_n.jpg\"><img loading=\"lazy\" decoding=\"async\" class=\"wp-image-4268 alignleft\" src=\"https:\/\/www.radinie.cz\/wp\/wp-content\/uploads\/2024\/07\/451847532_8021800797899691_1567715351529737658_n-216x300.jpg\" alt=\"\" width=\"122\" height=\"169\" srcset=\"https:\/\/www.radinie.cz\/wp\/wp-content\/uploads\/2024\/07\/451847532_8021800797899691_1567715351529737658_n-216x300.jpg 216w, https:\/\/www.radinie.cz\/wp\/wp-content\/uploads\/2024\/07\/451847532_8021800797899691_1567715351529737658_n-738x1024.jpg 738w, https:\/\/www.radinie.cz\/wp\/wp-content\/uploads\/2024\/07\/451847532_8021800797899691_1567715351529737658_n-108x150.jpg 108w, https:\/\/www.radinie.cz\/wp\/wp-content\/uploads\/2024\/07\/451847532_8021800797899691_1567715351529737658_n-768x1065.jpg 768w, https:\/\/www.radinie.cz\/wp\/wp-content\/uploads\/2024\/07\/451847532_8021800797899691_1567715351529737658_n-1107x1536.jpg 1107w, https:\/\/www.radinie.cz\/wp\/wp-content\/uploads\/2024\/07\/451847532_8021800797899691_1567715351529737658_n-180x250.jpg 180w, https:\/\/www.radinie.cz\/wp\/wp-content\/uploads\/2024\/07\/451847532_8021800797899691_1567715351529737658_n.jpg 1351w\" sizes=\"auto, (max-width: 122px) 100vw, 122px\" \/><\/a>povahu, je velmi \u017erav\u00fd, miluje&nbsp;<\/span><span style=\"font-family: 'comic sans ms', sans-serif; font-size: 12pt;\">m\u00ed\u010dek. Na obran\u011b vynik\u00e1 velmi klidn\u00fdmi a energick\u00fdmi z\u00e1kusy. Se sv\u00fdm chovatelem a majitelem v jedn\u00e9 osob\u011b se p\u0159ipravuje na slo\u017een\u00ed IGP 1-2 zkou\u0161ek letos na podzim a d\u00e1le na z\u00e1vody v p\u0159\u00ed\u0161t\u00edm roce. V\u00edce informac\u00ed o Gambasovi najdete <strong><a href=\"https:\/\/www.vombeisetal.de\/Gambas\">zde<\/a><\/strong>. Jeho matka Lolita vom Beisetal se \u00fasp\u011b\u0161n\u011b \u00fa\u010dastnila n\u011bkolika mistrovstv\u00ed N\u011bmecka a ISPU mistrovstv\u00ed sv\u011bta . Seznam \u00fasp\u011bch\u016f Lolity a jej\u00edch sourozenc\u016f najdete <strong><a href=\"https:\/\/www.vombeisetal.de\/lolita\">zde<\/a><\/strong> . Otec Gambase je n\u00e1\u0161 odchov &#8211; UNO NICOLAS Radinie, pes velmi hezk\u00e9ho exteri\u00e9ru s neutuchaj\u00edc\u00ed chut\u00ed do pr\u00e1ce. Informace o Nicolasovi najdete <strong><a href=\"http:\/\/s402672337.website-start.de\/deckr%C3%BCden\/deckr%C3%BCden-im-ruhestand\/\">zde<\/a><\/strong> .&nbsp;<\/span><\/p>\n<p style=\"text-align: justify;\"><span style=\"font-family: 'comic sans ms', sans-serif; font-size: 12pt;\">Matka \u0161t\u011b\u0148at <strong>Elektra Cora Radinie<\/strong>&nbsp; je velmi inteligentn\u00ed, hezk\u00e1 a charakterov\u011b velmi siln\u00e1 a dominantn\u00ed<a href=\"https:\/\/www.radinie.cz\/wp\/wp-content\/uploads\/2023\/10\/Cora.jpg\"><img loading=\"lazy\" decoding=\"async\" class=\"alignright wp-image-3831 \" src=\"https:\/\/www.radinie.cz\/wp\/wp-content\/uploads\/2023\/10\/Cora-300x239.jpg\" sizes=\"auto, (max-width: 258px) 100vw, 258px\" srcset=\"https:\/\/www.radinie.cz\/wp\/wp-content\/uploads\/2023\/10\/Cora-300x239.jpg 300w, https:\/\/www.radinie.cz\/wp\/wp-content\/uploads\/2023\/10\/Cora-1024x815.jpg 1024w, https:\/\/www.radinie.cz\/wp\/wp-content\/uploads\/2023\/10\/Cora-150x119.jpg 150w, https:\/\/www.radinie.cz\/wp\/wp-content\/uploads\/2023\/10\/Cora-768x611.jpg 768w, https:\/\/www.radinie.cz\/wp\/wp-content\/uploads\/2023\/10\/Cora.jpg 1180w\" alt=\"\" width=\"258\" height=\"206\"><\/a> fena. Vynik\u00e1 rychlost\u00ed, razanc\u00ed a tvrd\u00fdmi nekompromisn\u00edmi z\u00e1kusy na obran\u011b. Cora je i velmi p\u0159\u00e1telsk\u00e1 a hrav\u00e1 fenka \u010dasto s vlastn\u00edm n\u00e1zorem \ud83d\ude09 , jedna z nejlep\u0161\u00edch, kterou jsme odchovali. <\/span><span style=\"font-family: 'comic sans ms', sans-serif; font-size: 12pt;\">V\u00edce informac\u00ed o Elektra Cora Radinie najdete na jej\u00ed str\u00e1nce <a href=\"https:\/\/www.radinie.cz\/wp\/elektra-cora-radinie\/\"><span style=\"text-decoration: underline;\"><strong>zde<\/strong><\/span><\/a>:<\/span><\/p>\n<p><span style=\"font-family: 'comic sans ms', sans-serif; font-size: 12pt;\">Cora letos na ja\u0159e nezah\u00e1lela \ud83d\ude42 splnila titul \u010cR \u0161ampion, \u010cR klubov\u00fd \u0161ampion a <strong>F.C.I. INTRCHAMPION C.I.B<\/strong>.&nbsp; Slo\u017eila zkou\u0161ky ZM, IGP 1, IBGH 2.&nbsp; <a href=\"https:\/\/www.radinie.cz\/wp\/wp-content\/uploads\/2024\/07\/452167396_8043815205698250_4573275935701332491_n.jpg\"><img loading=\"lazy\" decoding=\"async\" class=\"alignright wp-image-4363 size-medium\" src=\"https:\/\/www.radinie.cz\/wp\/wp-content\/uploads\/2024\/07\/452167396_8043815205698250_4573275935701332491_n-300x178.jpg\" alt=\"\" width=\"300\" height=\"178\" srcset=\"https:\/\/www.radinie.cz\/wp\/wp-content\/uploads\/2024\/07\/452167396_8043815205698250_4573275935701332491_n-300x178.jpg 300w, https:\/\/www.radinie.cz\/wp\/wp-content\/uploads\/2024\/07\/452167396_8043815205698250_4573275935701332491_n-1024x607.jpg 1024w, https:\/\/www.radinie.cz\/wp\/wp-content\/uploads\/2024\/07\/452167396_8043815205698250_4573275935701332491_n-150x89.jpg 150w, https:\/\/www.radinie.cz\/wp\/wp-content\/uploads\/2024\/07\/452167396_8043815205698250_4573275935701332491_n-768x455.jpg 768w, https:\/\/www.radinie.cz\/wp\/wp-content\/uploads\/2024\/07\/452167396_8043815205698250_4573275935701332491_n.jpg 1461w\" sizes=\"auto, (max-width: 300px) 100vw, 300px\" \/><\/a><\/span><\/p>","protected":false},"excerpt":{"rendered":"<p>&#8222;S&#8220; vrh Radinie se narodil 11.9.2024, je 6 pejsk\u016f a 2 fenky \ud83d\ude42 HTML galerie Zonerama HTML galerie 1&nbsp; 6.t\u00fdden&#8230;<\/p>\n<p> <a class=\"continue-reading-link\" href=\"https:\/\/www.radinie.cz\/wp\/s-litter\/\"><span>Continue reading<\/span><i class=\"crycon-right-dir\"><\/i><\/a> <\/p>\n","protected":false},"author":2,"featured_media":0,"parent":0,"menu_order":0,"comment_status":"closed","ping_status":"closed","template":"templates\/template-twocolumns-right.php","meta":{"footnotes":""},"class_list":["post-4054","page","type-page","status-publish","hentry"],"_links":{"self":[{"href":"https:\/\/www.radinie.cz\/wp\/wp-json\/wp\/v2\/pages\/4054","targetHints":{"allow":["GET"]}}],"collection":[{"href":"https:\/\/www.radinie.cz\/wp\/wp-json\/wp\/v2\/pages"}],"about":[{"href":"https:\/\/www.radinie.cz\/wp\/wp-json\/wp\/v2\/types\/page"}],"author":[{"embeddable":true,"href":"https:\/\/www.radinie.cz\/wp\/wp-json\/wp\/v2\/users\/2"}],"replies":[{"embeddable":true,"href":"https:\/\/www.radinie.cz\/wp\/wp-json\/wp\/v2\/comments?post=4054"}],"version-history":[{"count":100,"href":"https:\/\/www.radinie.cz\/wp\/wp-json\/wp\/v2\/pages\/4054\/revisions"}],"predecessor-version":[{"id":4506,"href":"https:\/\/www.radinie.cz\/wp\/wp-json\/wp\/v2\/pages\/4054\/revisions\/4506"}],"wp:attachment":[{"href":"https:\/\/www.radinie.cz\/wp\/wp-json\/wp\/v2\/media?parent=4054"}],"curies":[{"name":"wp","href":"https:\/\/api.w.org\/{rel}","templated":true}]}}